{"id":4147,"date":"2025-07-03T11:03:48","date_gmt":"2025-07-03T09:03:48","guid":{"rendered":"https:\/\/imacssp.com\/?page_id=4147"},"modified":"2025-07-03T11:16:20","modified_gmt":"2025-07-03T09:16:20","slug":"nos-engagements","status":"publish","type":"page","link":"https:\/\/imacssp.com\/en\/nos-engagements\/","title":{"rendered":"Our commitments"},"content":{"rendered":"<div data-elementor-type=\"wp-page\" data-elementor-id=\"4147\" class=\"elementor elementor-4147\">\n\t\t\t\t\t\t<section class=\"elementor-section elementor-top-section elementor-element elementor-element-2b7839a elementor-section-boxed elementor-section-height-default elementor-section-height-default mas-addons-sticky-no\" data-id=\"2b7839a\" data-element_type=\"section\" data-e-type=\"section\" data-settings=\"{&quot;mas_addons_sticky&quot;:&quot;no&quot;}\">\n\t\t\t\t\t\t<div class=\"elementor-container elementor-column-gap-default\">\n\t\t\t\t\t<div class=\"elementor-column elementor-col-100 elementor-top-column elementor-element elementor-element-eea463f\" data-id=\"eea463f\" data-element_type=\"column\" data-e-type=\"column\">\n\t\t\t<div class=\"elementor-widget-wrap elementor-element-populated\">\n\t\t\t\t\t\t<div class=\"elementor-element elementor-element-c1c6da0 elementor-widget__width-initial mas-addons-sticky-no elementor-widget elementor-widget-gva-heading-block\" data-id=\"c1c6da0\" data-element_type=\"widget\" data-e-type=\"widget\" data-settings=\"{&quot;mas_addons_sticky&quot;:&quot;no&quot;}\" data-widget_type=\"gva-heading-block.default\">\n\t\t\t\t<div class=\"elementor-widget-container\">\n\t\t\t\t\t<div class=\"gva-element-gva-heading-block gva-element\">   <div class=\"align-left style-1 widget gsc-heading box-align-left auto-responsive\">\r\n      <div class=\"content-inner\">\r\n         \r\n         \r\n         <div class=\"heading-line\"><span><\/span><span><\/span><\/div>\r\n                     <div class=\"sub-title\">\r\n               <span class=\"tagline\">IMAC SSP<\/span> \r\n            <\/div>\r\n           \r\n         \r\n                     <h2 class=\"title\">\r\n               <span><a jsname=\"UWckNb\" href=\"https:\/\/www.grantthornton.fr\/fr\/nos-engagements-rse\/\" data-ved=\"2ahUKEwj6gPibqqCOAxXafqQEHVK9Kk8QFnoECBAQAQ\" ping=\"\/url?sa=t&amp;source=web&amp;rct=j&amp;opi=89978449&amp;url=https:\/\/www.grantthornton.fr\/fr\/nos-engagements-rse\/&amp;ved=2ahUKEwj6gPibqqCOAxXafqQEHVK9Kk8QFnoECBAQAQ&amp;sqi=2\" style=\"color: rgb(26, 13, 171); -webkit-tap-highlight-color: rgba(0, 0, 0, 0.1); outline: 0px; font-family: Arial, sans-serif; font-size: small; font-weight: 400; white-space-collapse: collapse;\"><br><\/a><div style=\"display: inline-block; text-size-adjust: none; padding: 0px; max-width: calc(100% - 20px); transform: scaleY(-1);\"><a jsname=\"UWckNb\" href=\"https:\/\/www.grantthornton.fr\/fr\/nos-engagements-rse\/\" data-ved=\"2ahUKEwj6gPibqqCOAxXafqQEHVK9Kk8QFnoECBAQAQ\" ping=\"\/url?sa=t&amp;source=web&amp;rct=j&amp;opi=89978449&amp;url=https:\/\/www.grantthornton.fr\/fr\/nos-engagements-rse\/&amp;ved=2ahUKEwj6gPibqqCOAxXafqQEHVK9Kk8QFnoECBAQAQ&amp;sqi=2\" style=\"color: rgb(26, 13, 171); -webkit-tap-highlight-color: rgba(0, 0, 0, 0.1); outline: 0px; font-family: Arial, sans-serif; font-size: small; font-weight: 400; white-space-collapse: collapse;\"><\/a><div style=\"display: flex; padding: 0px; overflow: hidden; align-items: center;\"><a jsname=\"UWckNb\" href=\"https:\/\/www.grantthornton.fr\/fr\/nos-engagements-rse\/\" data-ved=\"2ahUKEwj6gPibqqCOAxXafqQEHVK9Kk8QFnoECBAQAQ\" ping=\"\/url?sa=t&amp;source=web&amp;rct=j&amp;opi=89978449&amp;url=https:\/\/www.grantthornton.fr\/fr\/nos-engagements-rse\/&amp;ved=2ahUKEwj6gPibqqCOAxXafqQEHVK9Kk8QFnoECBAQAQ&amp;sqi=2\" style=\"color: rgb(26, 13, 171); -webkit-tap-highlight-color: rgba(0, 0, 0, 0.1); outline: 0px; font-family: Arial, sans-serif; font-size: small; font-weight: 400; white-space-collapse: collapse;\"><span style=\"margin-right: 12px;\"><\/span><\/a><div aria-hidden=\"true\" style=\"vertical-align: middle; display: inline-block;\"><a jsname=\"UWckNb\" href=\"https:\/\/www.grantthornton.fr\/fr\/nos-engagements-rse\/\" data-ved=\"2ahUKEwj6gPibqqCOAxXafqQEHVK9Kk8QFnoECBAQAQ\" ping=\"\/url?sa=t&amp;source=web&amp;rct=j&amp;opi=89978449&amp;url=https:\/\/www.grantthornton.fr\/fr\/nos-engagements-rse\/&amp;ved=2ahUKEwj6gPibqqCOAxXafqQEHVK9Kk8QFnoECBAQAQ&amp;sqi=2\" style=\"color: rgb(26, 13, 171); -webkit-tap-highlight-color: rgba(0, 0, 0, 0.1); outline: 0px; font-family: Arial, sans-serif; font-size: small; font-weight: 400; white-space-collapse: collapse;\"><\/a><\/div><\/div><\/div>Our CSR Commitments<\/span>\r\n            <\/h2>\r\n                              <div class=\"title-desc\"><p>As part of our environmental commitment, <b>We completed our Carbon Footprint assessment in May 2025.<\/b> In order to better understand and\ncontrol our impact. Through concrete and measurable actions, we are\nprogressing towards a more sustainable and responsible model.&nbsp; <\/p><br><ul style=\"margin-top:0cm\" type=\"disc\"><li><b>81 %<\/b> des \u00e9missions proviennent du <b>scope 3<\/b>, d\u00e9montrant notre volont\u00e9 d\u2019agir au-del\u00e0 de nos op\u00e9rations directes.&nbsp; <\/li><\/ul><ul style=\"margin-top:0cm\" type=\"disc\"><li>Une <b>intensit\u00e9 carbone de 76 kg CO\u2082e\/k\u20ac<\/b>, soit <b>3 fois inf\u00e9rieure<\/b> \u00e0 la moyenne du secteur (215 kg, source ADEME).&nbsp;<\/li><\/ul><ul style=\"margin-top:0cm\" type=\"disc\"><li><b>586 tonnes de CO\u2082  \u00e9vit\u00e9es <\/b> (soit 331 A\/R Paris-New York en avion, source ADEME) \u00e0 ce jour, gr\u00e2ce \u00e0 nos pratiques de <b>r\u00e9emploi, r\u00e9paration et achats responsables<\/b>.&nbsp;<br><\/li><\/ul>\n<br><p><b>Cap sur 2030<\/b> avec un plan d\u2019action clair :&nbsp;<\/p>\n<ul style=\"margin-top:0cm\" type=\"disc\"><li>\u00c9largir l\u2019usage du mat\u00e9riel reconditionn\u00e9&nbsp; <\/li><\/ul><ul style=\"margin-top:0cm\" type=\"disc\"><li>Diminuer\u202fl\u2019impact des pi\u00e8ces d\u00e9tach\u00e9es&nbsp; <\/li><\/ul><ul style=\"margin-top:0cm\" type=\"disc\"><li>Acc\u00e9l\u00e9rer sur la mobilit\u00e9 douce<\/li>\n<\/ul><\/div>\r\n         \r\n         \r\n      <\/div>\r\n   <\/div>\r\n<\/div>\t\t\t\t<\/div>\n\t\t\t\t<\/div>\n\t\t\t\t\t<\/div>\n\t\t<\/div>\n\t\t\t\t\t<\/div>\n\t\t<\/section>\n\t\t\t\t<\/div>","protected":false},"excerpt":{"rendered":"<p>IMAC SSP Nos Engagements RSE Dans le cadre de notre engagement environnemental, nous avons r\u00e9alis\u00e9 notre Bilan Carbone en mai 2025 afin de mieux comprendre et ma\u00eetriser notre impact. Gr\u00e2ce \u00e0 des actions concr\u00e8tes et mesurables, nous progressons vers un mod\u00e8le plus durable et responsable.&nbsp; 81 % des \u00e9missions proviennent du scope 3, d\u00e9montrant notre [&hellip;]<\/p>\n","protected":false},"author":1,"featured_media":0,"parent":0,"menu_order":0,"comment_status":"closed","ping_status":"closed","template":"","meta":{"_acf_changed":false,"footnotes":""},"class_list":["post-4147","page","type-page","status-publish","hentry"],"acf":[],"yoast_head":"<!-- This site is optimized with the Yoast SEO plugin v27.4 - https:\/\/yoast.com\/product\/yoast-seo-wordpress\/ -->\n<title>Nos engagements - IMAC SSP<\/title>\n<meta name=\"robots\" content=\"index, follow, max-snippet:-1, max-image-preview:large, max-video-preview:-1\" \/>\n<link rel=\"canonical\" href=\"https:\/\/imacssp.com\/en\/nos-engagements\/\" \/>\n<meta property=\"og:locale\" content=\"en_GB\" \/>\n<meta property=\"og:type\" content=\"article\" \/>\n<meta property=\"og:title\" content=\"Nos engagements - IMAC SSP\" \/>\n<meta property=\"og:description\" content=\"IMAC SSP Nos Engagements RSE Dans le cadre de notre engagement environnemental, nous avons r\u00e9alis\u00e9 notre Bilan Carbone en mai 2025 afin de mieux comprendre et ma\u00eetriser notre impact. Gr\u00e2ce \u00e0 des actions concr\u00e8tes et mesurables, nous progressons vers un mod\u00e8le plus durable et responsable.&nbsp; 81 % des \u00e9missions proviennent du scope 3, d\u00e9montrant notre [&hellip;]\" \/>\n<meta property=\"og:url\" content=\"https:\/\/imacssp.com\/en\/nos-engagements\/\" \/>\n<meta property=\"og:site_name\" content=\"IMAC SSP\" \/>\n<meta property=\"article:publisher\" content=\"https:\/\/www.facebook.com\/people\/IMAC\/100076906891505\/\" \/>\n<meta property=\"article:modified_time\" content=\"2025-07-03T09:16:20+00:00\" \/>\n<meta name=\"twitter:card\" content=\"summary_large_image\" \/>\n<meta name=\"twitter:label1\" content=\"Estimated reading time\" \/>\n\t<meta name=\"twitter:data1\" content=\"1 minute\" \/>\n<script type=\"application\/ld+json\" class=\"yoast-schema-graph\">{\"@context\":\"https:\\\/\\\/schema.org\",\"@graph\":[{\"@type\":\"WebPage\",\"@id\":\"https:\\\/\\\/imacssp.com\\\/nos-engagements\\\/\",\"url\":\"https:\\\/\\\/imacssp.com\\\/nos-engagements\\\/\",\"name\":\"Nos engagements - IMAC SSP\",\"isPartOf\":{\"@id\":\"https:\\\/\\\/imacssp.com\\\/#website\"},\"datePublished\":\"2025-07-03T09:03:48+00:00\",\"dateModified\":\"2025-07-03T09:16:20+00:00\",\"breadcrumb\":{\"@id\":\"https:\\\/\\\/imacssp.com\\\/nos-engagements\\\/#breadcrumb\"},\"inLanguage\":\"en-GB\",\"potentialAction\":[{\"@type\":\"ReadAction\",\"target\":[\"https:\\\/\\\/imacssp.com\\\/nos-engagements\\\/\"]}]},{\"@type\":\"BreadcrumbList\",\"@id\":\"https:\\\/\\\/imacssp.com\\\/nos-engagements\\\/#breadcrumb\",\"itemListElement\":[{\"@type\":\"ListItem\",\"position\":1,\"name\":\"Accueil\",\"item\":\"https:\\\/\\\/imacssp.com\\\/\"},{\"@type\":\"ListItem\",\"position\":2,\"name\":\"Nos engagements\"}]},{\"@type\":\"WebSite\",\"@id\":\"https:\\\/\\\/imacssp.com\\\/#website\",\"url\":\"https:\\\/\\\/imacssp.com\\\/\",\"name\":\"IMAC SSP\",\"description\":\"Solutions Services Proximit\u00e9\",\"publisher\":{\"@id\":\"https:\\\/\\\/imacssp.com\\\/#organization\"},\"potentialAction\":[{\"@type\":\"SearchAction\",\"target\":{\"@type\":\"EntryPoint\",\"urlTemplate\":\"https:\\\/\\\/imacssp.com\\\/?s={search_term_string}\"},\"query-input\":{\"@type\":\"PropertyValueSpecification\",\"valueRequired\":true,\"valueName\":\"search_term_string\"}}],\"inLanguage\":\"en-GB\"},{\"@type\":\"Organization\",\"@id\":\"https:\\\/\\\/imacssp.com\\\/#organization\",\"name\":\"imac ssp\",\"url\":\"https:\\\/\\\/imacssp.com\\\/\",\"logo\":{\"@type\":\"ImageObject\",\"inLanguage\":\"en-GB\",\"@id\":\"https:\\\/\\\/imacssp.com\\\/#\\\/schema\\\/logo\\\/image\\\/\",\"url\":\"https:\\\/\\\/imacssp.com\\\/wp-content\\\/uploads\\\/2021\\\/08\\\/blanc-baseline.png\",\"contentUrl\":\"https:\\\/\\\/imacssp.com\\\/wp-content\\\/uploads\\\/2021\\\/08\\\/blanc-baseline.png\",\"width\":709,\"height\":269,\"caption\":\"imac ssp\"},\"image\":{\"@id\":\"https:\\\/\\\/imacssp.com\\\/#\\\/schema\\\/logo\\\/image\\\/\"},\"sameAs\":[\"https:\\\/\\\/www.facebook.com\\\/people\\\/IMAC\\\/100076906891505\\\/\",\"https:\\\/\\\/www.instagram.com\\\/imacssp\\\/?next\",\"https:\\\/\\\/www.youtube.com\\\/channel\\\/UCMGxJHDanuwXVCBIqw6sLvw\"]}]}<\/script>\n<!-- \/ Yoast SEO plugin. -->","yoast_head_json":{"title":"Nos engagements - IMAC SSP","robots":{"index":"index","follow":"follow","max-snippet":"max-snippet:-1","max-image-preview":"max-image-preview:large","max-video-preview":"max-video-preview:-1"},"canonical":"https:\/\/imacssp.com\/en\/nos-engagements\/","og_locale":"en_GB","og_type":"article","og_title":"Nos engagements - IMAC SSP","og_description":"IMAC SSP Nos Engagements RSE Dans le cadre de notre engagement environnemental, nous avons r\u00e9alis\u00e9 notre Bilan Carbone en mai 2025 afin de mieux comprendre et ma\u00eetriser notre impact. Gr\u00e2ce \u00e0 des actions concr\u00e8tes et mesurables, nous progressons vers un mod\u00e8le plus durable et responsable.&nbsp; 81 % des \u00e9missions proviennent du scope 3, d\u00e9montrant notre [&hellip;]","og_url":"https:\/\/imacssp.com\/en\/nos-engagements\/","og_site_name":"IMAC SSP","article_publisher":"https:\/\/www.facebook.com\/people\/IMAC\/100076906891505\/","article_modified_time":"2025-07-03T09:16:20+00:00","twitter_card":"summary_large_image","twitter_misc":{"Estimated reading time":"1 minute"},"schema":{"@context":"https:\/\/schema.org","@graph":[{"@type":"WebPage","@id":"https:\/\/imacssp.com\/nos-engagements\/","url":"https:\/\/imacssp.com\/nos-engagements\/","name":"Nos engagements - IMAC SSP","isPartOf":{"@id":"https:\/\/imacssp.com\/#website"},"datePublished":"2025-07-03T09:03:48+00:00","dateModified":"2025-07-03T09:16:20+00:00","breadcrumb":{"@id":"https:\/\/imacssp.com\/nos-engagements\/#breadcrumb"},"inLanguage":"en-GB","potentialAction":[{"@type":"ReadAction","target":["https:\/\/imacssp.com\/nos-engagements\/"]}]},{"@type":"BreadcrumbList","@id":"https:\/\/imacssp.com\/nos-engagements\/#breadcrumb","itemListElement":[{"@type":"ListItem","position":1,"name":"Accueil","item":"https:\/\/imacssp.com\/"},{"@type":"ListItem","position":2,"name":"Nos engagements"}]},{"@type":"WebSite","@id":"https:\/\/imacssp.com\/#website","url":"https:\/\/imacssp.com\/","name":"IMAC SSP","description":"Solutions Services Proximit\u00e9","publisher":{"@id":"https:\/\/imacssp.com\/#organization"},"potentialAction":[{"@type":"SearchAction","target":{"@type":"EntryPoint","urlTemplate":"https:\/\/imacssp.com\/?s={search_term_string}"},"query-input":{"@type":"PropertyValueSpecification","valueRequired":true,"valueName":"search_term_string"}}],"inLanguage":"en-GB"},{"@type":"Organization","@id":"https:\/\/imacssp.com\/#organization","name":"imac ssp","url":"https:\/\/imacssp.com\/","logo":{"@type":"ImageObject","inLanguage":"en-GB","@id":"https:\/\/imacssp.com\/#\/schema\/logo\/image\/","url":"https:\/\/imacssp.com\/wp-content\/uploads\/2021\/08\/blanc-baseline.png","contentUrl":"https:\/\/imacssp.com\/wp-content\/uploads\/2021\/08\/blanc-baseline.png","width":709,"height":269,"caption":"imac ssp"},"image":{"@id":"https:\/\/imacssp.com\/#\/schema\/logo\/image\/"},"sameAs":["https:\/\/www.facebook.com\/people\/IMAC\/100076906891505\/","https:\/\/www.instagram.com\/imacssp\/?next","https:\/\/www.youtube.com\/channel\/UCMGxJHDanuwXVCBIqw6sLvw"]}]}},"_links":{"self":[{"href":"https:\/\/imacssp.com\/en\/wp-json\/wp\/v2\/pages\/4147","targetHints":{"allow":["GET"]}}],"collection":[{"href":"https:\/\/imacssp.com\/en\/wp-json\/wp\/v2\/pages"}],"about":[{"href":"https:\/\/imacssp.com\/en\/wp-json\/wp\/v2\/types\/page"}],"author":[{"embeddable":true,"href":"https:\/\/imacssp.com\/en\/wp-json\/wp\/v2\/users\/1"}],"replies":[{"embeddable":true,"href":"https:\/\/imacssp.com\/en\/wp-json\/wp\/v2\/comments?post=4147"}],"version-history":[{"count":7,"href":"https:\/\/imacssp.com\/en\/wp-json\/wp\/v2\/pages\/4147\/revisions"}],"predecessor-version":[{"id":4157,"href":"https:\/\/imacssp.com\/en\/wp-json\/wp\/v2\/pages\/4147\/revisions\/4157"}],"wp:attachment":[{"href":"https:\/\/imacssp.com\/en\/wp-json\/wp\/v2\/media?parent=4147"}],"curies":[{"name":"wp","href":"https:\/\/api.w.org\/{rel}","templated":true}]}}